{"id":2904,"date":"2024-10-17T08:18:55","date_gmt":"2024-10-17T12:18:55","guid":{"rendered":"https:\/\/postgrado-icb.utalca.cl\/?page_id=2904"},"modified":"2024-10-17T08:26:33","modified_gmt":"2024-10-17T12:26:33","slug":"clases-mb","status":"publish","type":"page","link":"https:\/\/postgrado-icb.utalca.cl\/?page_id=2904","title":{"rendered":"Clases MB"},"content":{"rendered":"<div class=\"fusion-fullwidth fullwidth-box fusion-builder-row-1 fusion-flex-container nonhundred-percent-fullwidth non-hundred-percent-height-scrolling\" style=\"background-color: rgba(255,255,255,0);background-position: center center;background-repeat: no-repeat;border-width: 0px 0px 0px 0px;border-color:#e2e2e2;border-style:solid;\" ><div class=\"fusion-builder-row fusion-row fusion-flex-align-items-flex-start\" style=\"max-width:1248px;margin-left: calc(-4% \/ 2 );margin-right: calc(-4% \/ 2 );\"><div class=\"fusion-layout-column fusion_builder_column fusion-builder-column-0 fusion_builder_column_1_1 1_1 fusion-flex-column\"><div class=\"fusion-column-wrapper fusion-flex-justify-content-center fusion-content-layout-column\" style=\"background-image: url(&#039;http:\/\/icbio.utalca.cl\/icb\/wp-content\/uploads\/2023\/05\/Bio-5.jpg&#039;);background-position:center center;background-blend-mode: darken;background-repeat:no-repeat;-webkit-background-size:cover;-moz-background-size:cover;-o-background-size:cover;background-size:cover;border-radius:4px 4px 4px 4px;border-radius:4px 4px 4px 4px;overflow:hidden;padding: 0px 0px 0px 0px;\" data-bg-url=\"http:\/\/icbio.utalca.cl\/icb\/wp-content\/uploads\/2023\/05\/Bio-5.jpg\"><nav class=\"fusion-menu-element-wrapper direction-row mode-dropdown expand-method-hover submenu-mode-dropdown mobile-mode-collapse-to-button mobile-size-full-absolute icons-position-left dropdown-carets-yes has-active-border-bottom-no has-active-border-left-no has-active-border-right-no mobile-trigger-fullwidth-off mobile-indent-on mobile-justify-left main-justify-left loading expand-right submenu-transition-fade\" aria-label=\"Menu\" data-breakpoint=\"1024\" data-count=\"0\" data-transition-type=\"center-vertical\" data-transition-time=\"330\"><button type=\"button\" class=\"avada-menu-mobile-menu-trigger no-text\" onClick=\"fusionNavClickExpandBtn(this);\" aria-expanded=\"false\"><span class=\"inner\"><span class=\"collapsed-nav-text\"><span class=\"screen-reader-text\">Toggle Navigation<\/span><\/span><span class=\"collapsed-nav-icon\"><span class=\"collapsed-nav-icon-open fa-bars fas\"><\/span><span class=\"collapsed-nav-icon-close fa-times fas\"><\/span><\/span><\/span><\/button><style>.fusion-body .fusion-menu-element-wrapper[data-count=\"0\"] .fusion-menu-element-list{justify-content:space-evenly;font-family:inherit;font-weight:400;text-transform:uppercase;transition-duration:330ms;}.fusion-body .fusion-menu-element-wrapper[data-count=\"0\"] [class*=\"fusion-icon-\"],.fusion-body .fusion-menu-element-wrapper[data-count=\"0\"] [class^=\"fusion-icon-\"]{font-family:inherit !important;}.fusion-body .fusion-menu-element-wrapper[data-count=\"0\"] .fusion-menu-element-list > li:not(.fusion-menu-item-button) > .background-default,.fusion-body .fusion-menu-element-wrapper[data-count=\"0\"] .fusion-menu-element-list > li:not(.fusion-menu-item-button) > .background-active{transition-duration:330ms;border-radius:10px 10px 10px 10px;}.fusion-body .fusion-menu-element-wrapper[data-count=\"0\"] .fusion-menu-element-list .menu-item a,.fusion-body .fusion-menu-element-wrapper[data-count=\"0\"] .fusion-menu-element-list > li,.fusion-body .fusion-menu-element-wrapper[data-count=\"0\"] .fusion-menu-element-list ul:not(.fusion-megamenu) > li:not(.fusion-menu-item-button),.fusion-body .fusion-menu-element-wrapper[data-count=\"0\"] .fusion-overlay-search,.fusion-body .fusion-menu-element-wrapper[data-count=\"0\"].expand-method-click.direction-row > ul > li > .fusion-open-nav-submenu,.fusion-body .fusion-menu-element-wrapper[data-count=\"0\"]:not(.submenu-mode-flyout) .fusion-menu-element-list li:not(.fusion-mega-menu) .sub-menu,.fusion-body .fusion-menu-element-wrapper[data-count=\"0\"]:not(.submenu-mode-flyout) .fusion-menu-element-list .fusion-megamenu-wrapper,.fusion-body .fusion-menu-element-wrapper[data-count=\"0\"] .avada-menu-mobile-menu-trigger .collapsed-nav-icon-open,.fusion-body .fusion-menu-element-wrapper[data-count=\"0\"] .avada-menu-mobile-menu-trigger .collapsed-nav-icon-close,.fusion-body .fusion-menu-element-wrapper[data-count=\"0\"].collapse-enabled.mobile-mode-collapse-to-button > ul,.fusion-body .fusion-menu-element-wrapper[data-count=\"0\"].collapse-enabled .menu-item a > .fusion-button{transition-duration:330ms;}.fusion-body .fusion-menu-element-wrapper[data-count=\"0\"] .fusion-menu-element-list > li:not(.fusion-menu-item-button){border-radius:10px 10px 10px 10px;}.fusion-body .fusion-menu-element-wrapper[data-count=\"0\"] .fusion-menu-element-list > li:not(.fusion-menu-item-button) .fusion-widget-cart > a{padding-right:calc(50px + 0px);}.fusion-body .fusion-menu-element-wrapper[data-count=\"0\"] .fusion-menu-element-list > li:not(.fusion-menu-item-button):not(.menu-item-has-children):focus-within > a{padding-right:calc(50px + 0px);padding-left:calc(50px + 0px);}.fusion-body .fusion-menu-element-wrapper[data-count=\"0\"] .fusion-menu-element-list > li:not(.fusion-menu-item-button) > a,.fusion-body .fusion-menu-element-wrapper[data-count=\"0\"] .fusion-menu-element-list > li:not(.fusion-menu-item-button):not(.menu-item-has-children):hover > a,.fusion-body .fusion-menu-element-wrapper[data-count=\"0\"] .fusion-menu-element-list > li:not(.fusion-menu-item-button):not(.menu-item-has-children).hover > a,.fusion-body .fusion-menu-element-wrapper[data-count=\"0\"] .fusion-menu-element-list > li:not(.fusion-menu-item-button):not(.menu-item-has-children):focus > a,.fusion-body .fusion-menu-element-wrapper[data-count=\"0\"] .fusion-menu-element-list > li:not(.fusion-menu-item-button):not(.menu-item-has-children):active > a,.fusion-body .fusion-menu-element-wrapper[data-count=\"0\"] .fusion-menu-element-list > li:not(.fusion-menu-item-button):not(.menu-item-has-children).current-menu-item > a{padding-right:calc(50px + 0px);padding-left:calc(50px + 0px);}.fusion-body .fusion-menu-element-wrapper[data-count=\"0\"] .fusion-menu-element-list > li:not(.fusion-menu-item-button):not(.menu-item-has-children).current-menu-ancestor > a{padding-right:calc(50px + 0px);padding-left:calc(50px + 0px);}.fusion-body .fusion-menu-element-wrapper[data-count=\"0\"] .fusion-menu-element-list > li:not(.fusion-menu-item-button):not(.menu-item-has-children).current-menu-parent > a{padding-right:calc(50px + 0px);padding-left:calc(50px + 0px);}.fusion-body .fusion-menu-element-wrapper[data-count=\"0\"] .fusion-menu-element-list > li:not(.fusion-menu-item-button):not(.menu-item-has-children).expanded > a{padding-right:calc(50px + 0px);padding-left:calc(50px + 0px);}.fusion-body .fusion-menu-element-wrapper[data-count=\"0\"]:not(.collapse-enabled) .fusion-menu-form-inline,.fusion-body .fusion-menu-element-wrapper[data-count=\"0\"]:not(.collapse-enabled) .custom-menu-search-overlay ~ .fusion-overlay-search,.fusion-body .fusion-menu-element-wrapper[data-count=\"0\"]:not(.collapse-enabled) .fusion-menu-element-list .custom-menu-search-overlay .fusion-overlay-search,.fusion-body .fusion-menu-element-wrapper[data-count=\"0\"]:not(.collapse-enabled) .fusion-menu-element-list .fusion-menu-form-inline{padding-right:50px;padding-left:50px;}.fusion-body .fusion-menu-element-wrapper[data-count=\"0\"] .custom-menu-search-dropdown .fusion-main-menu-icon{padding-right:50px !important;padding-left:50px !important;color:#4b3b5e !important;}.fusion-body .fusion-menu-element-wrapper[data-count=\"0\"]:not(.collapse-enabled) .fusion-menu-element-list > li:not(.fusion-menu-item-button) > a,.fusion-body .fusion-menu-element-wrapper[data-count=\"0\"]:not(.collapse-enabled) .fusion-menu-element-list > li:not(.fusion-menu-item-button) > .fusion-open-nav-submenu{color:#ffffff !important;}.fusion-body .fusion-menu-element-wrapper[data-count=\"0\"] .fusion-overlay-search .fusion-close-search:before,.fusion-body .fusion-menu-element-wrapper[data-count=\"0\"] .fusion-overlay-search .fusion-close-search:after{background:#ffffff;}.fusion-body .fusion-menu-element-wrapper[data-count=\"0\"]:not(.collapse-enabled) .fusion-menu-element-list > li:not(.fusion-menu-item-button) > .background-active{background:#00bcd4;}.fusion-body .fusion-menu-element-wrapper[data-count=\"0\"]:not(.collapse-enabled).expand-method-click.dropdown-arrows-parent.direction-row > ul > li.menu-item-has-children.expanded:after,.fusion-body .fusion-menu-element-wrapper[data-count=\"0\"]:not(.collapse-enabled).expand-method-hover.dropdown-arrows-parent.direction-row > ul > li.menu-item-has-children:hover:after,.fusion-body .fusion-menu-element-wrapper[data-count=\"0\"]:not(.collapse-enabled).expand-method-hover.dropdown-arrows-parent.direction-row > ul > li.menu-item-has-children.hover:after,.fusion-body .fusion-menu-element-wrapper[data-count=\"0\"]:not(.collapse-enabled).expand-method-hover.dropdown-arrows-parent.direction-row > ul > li.menu-item-has-children:focus:after,.fusion-body .fusion-menu-element-wrapper[data-count=\"0\"]:not(.collapse-enabled).expand-method-hover.dropdown-arrows-parent.direction-row > ul > li.menu-item-has-children:active:after{border-top-color:#00bcd4;}.fusion-body .fusion-menu-element-wrapper[data-count=\"0\"]:not(.collapse-enabled).expand-method-hover.dropdown-arrows-parent.direction-row > ul > li.menu-item-has-children:focus-within:after{border-top-color:#00bcd4;}.fusion-body .fusion-menu-element-wrapper[data-count=\"0\"]:not(.collapse-enabled) li.menu-item > .fusion-megamenu-icon,.fusion-body .fusion-menu-element-wrapper[data-count=\"0\"]:not(.collapse-enabled) li.menu-item > a > .fusion-megamenu-icon,.fusion-body .fusion-menu-element-wrapper[data-count=\"0\"]:not(.collapse-enabled) li.menu-item > a.fusion-menu-icon-search{font-size:20px;}.fusion-body .fusion-menu-element-wrapper[data-count=\"0\"]:not(.collapse-enabled) .fusion-menu-element-list > li.menu-item > .fusion-megamenu-icon,.fusion-body .fusion-menu-element-wrapper[data-count=\"0\"]:not(.collapse-enabled) .fusion-menu-element-list > li.menu-item > a > .fusion-megamenu-icon{color:#4b3b5e;}.fusion-body .fusion-menu-element-wrapper[data-count=\"0\"] .custom-menu-search-overlay .fusion-menu-icon-search.trigger-overlay,.fusion-body .fusion-menu-element-wrapper[data-count=\"0\"] .custom-menu-search-overlay ~ .fusion-overlay-search{color:#4b3b5e !important;}.fusion-body .fusion-menu-element-wrapper[data-count=\"0\"]:not(.collapse-enabled) .fusion-menu-element-list > li.menu-item:focus-within > a .fusion-megamenu-icon{color:#65bc7b;}.fusion-body .fusion-menu-element-wrapper[data-count=\"0\"]:not(.collapse-enabled) .fusion-menu-element-list > li.menu-item:hover > a .fusion-megamenu-icon,.fusion-body .fusion-menu-element-wrapper[data-count=\"0\"]:not(.collapse-enabled) .fusion-menu-element-list > li.menu-item.hover > a .fusion-megamenu-icon,.fusion-body .fusion-menu-element-wrapper[data-count=\"0\"]:not(.collapse-enabled) .fusion-menu-element-list > li.menu-item:focus > a .fusion-megamenu-icon,.fusion-body .fusion-menu-element-wrapper[data-count=\"0\"]:not(.collapse-enabled) .fusion-menu-element-list > li.menu-item:active > a .fusion-megamenu-icon,.fusion-body .fusion-menu-element-wrapper[data-count=\"0\"]:not(.collapse-enabled) .fusion-menu-element-list > li.menu-item.current-menu-item > a .fusion-megamenu-icon{color:#65bc7b;}.fusion-body .fusion-menu-element-wrapper[data-count=\"0\"]:not(.collapse-enabled) .fusion-menu-element-list > li.menu-item.current-menu-ancestor > a .fusion-megamenu-icon{color:#65bc7b;}.fusion-body .fusion-menu-element-wrapper[data-count=\"0\"]:not(.collapse-enabled) .fusion-menu-element-list > li.menu-item.current-menu-parent > a .fusion-megamenu-icon{color:#65bc7b;}.fusion-body .fusion-menu-element-wrapper[data-count=\"0\"]:not(.collapse-enabled) .fusion-menu-element-list > li.menu-item.expanded > a .fusion-megamenu-icon{color:#65bc7b;}.fusion-body .fusion-menu-element-wrapper[data-count=\"0\"] .custom-menu-search-dropdown:hover .fusion-main-menu-icon,.fusion-body .fusion-menu-element-wrapper[data-count=\"0\"] .custom-menu-search-overlay:hover .fusion-menu-icon-search.trigger-overlay,.fusion-body .fusion-menu-element-wrapper[data-count=\"0\"] .custom-menu-search-overlay:hover ~ .fusion-overlay-search{color:#65bc7b !important;}.fusion-body .fusion-menu-element-wrapper[data-count=\"0\"] > .avada-menu-mobile-menu-trigger,.fusion-body .fusion-menu-element-wrapper[data-count=\"0\"] .fusion-megamenu-wrapper .fusion-megamenu-holder .fusion-megamenu .fusion-megamenu-submenu .fusion-megamenu-title,.fusion-body .fusion-menu-element-wrapper[data-count=\"0\"] .fusion-menu-element-list .sub-menu > li,.fusion-body .fusion-menu-element-wrapper[data-count=\"0\"] .fusion-menu-element-list .sub-menu li a,.fusion-body .fusion-menu-element-wrapper[data-count=\"0\"].collapse-enabled,.fusion-body .fusion-menu-element-wrapper[data-count=\"0\"].collapse-enabled ul li > a,.fusion-body .fusion-menu-element-wrapper[data-count=\"0\"].collapse-enabled ul li > a .fusion-button,.fusion-body .fusion-menu-element-wrapper[data-count=\"0\"].collapse-enabled .fusion-megamenu-wrapper .fusion-megamenu-holder .fusion-megamenu-submenu .fusion-megamenu-title a{font-family:inherit;font-weight:400;}<\/style><ul id=\"menu-bioquimica\" class=\"fusion-menu fusion-custom-menu fusion-menu-element-list\"><li  id=\"menu-item-2754\"  class=\"menu-item menu-item-type-custom menu-item-object-custom menu-item-2754\"  data-item-id=\"2754\"><span class=\"background-default transition-center-vertical\"><\/span><span class=\"background-active transition-center-vertical\"><\/span><a  href=\"https:\/\/postgrado-icb.utalca.cl\/?page_id=2884\" class=\"fusion-background-highlight\"><span class=\"menu-text\">Descripci\u00f3n<\/span><\/a><\/li><li  id=\"menu-item-2755\"  class=\"menu-item menu-item-type-custom menu-item-object-custom menu-item-2755\"  data-item-id=\"2755\"><span class=\"background-default transition-center-vertical\"><\/span><span class=\"background-active transition-center-vertical\"><\/span><a  href=\"https:\/\/postgrado-icb.utalca.cl\/?page_id=2825\" class=\"fusion-background-highlight\"><span class=\"menu-text\">Perfil de Ingreso<\/span><\/a><\/li><li  id=\"menu-item-2756\"  class=\"menu-item menu-item-type-custom menu-item-object-custom menu-item-2756\"  data-item-id=\"2756\"><span class=\"background-default transition-center-vertical\"><\/span><span class=\"background-active transition-center-vertical\"><\/span><a  href=\"https:\/\/postgrado-icb.utalca.cl\/?page_id=2899\" class=\"fusion-background-highlight\"><span class=\"menu-text\">Perfil del Graduado<\/span><\/a><\/li><li  id=\"menu-item-2757\"  class=\"menu-item menu-item-type-custom menu-item-object-custom menu-item-2757\"  data-item-id=\"2757\"><span class=\"background-default transition-center-vertical\"><\/span><span class=\"background-active transition-center-vertical\"><\/span><a  href=\"https:\/\/postgrado-icb.utalca.cl\/?page_id=2764\" class=\"fusion-background-highlight\"><span class=\"menu-text\">Cuerpo Acad\u00e9mico<\/span><\/a><\/li><li  id=\"menu-item-2758\"  class=\"menu-item menu-item-type-custom menu-item-object-custom menu-item-2758\"  data-item-id=\"2758\"><span class=\"background-default transition-center-vertical\"><\/span><span class=\"background-active transition-center-vertical\"><\/span><a  href=\"https:\/\/postgrado-icb.utalca.cl\/?page_id=2904\" class=\"fusion-background-highlight\"><span class=\"menu-text\">Clases<\/span><\/a><\/li><\/ul><\/nav><\/div><\/div><style type=\"text\/css\">.fusion-body .fusion-builder-column-0{width:100% !important;margin-top : 0px;margin-bottom : 20px;}.fusion-builder-column-0 > .fusion-column-wrapper {padding-top : 0px !important;padding-right : 0px !important;margin-right : 1.92%;padding-bottom : 0px !important;padding-left : 0px !important;margin-left : 1.92%;}@media only screen and (max-width:1024px) {.fusion-body .fusion-builder-column-0{width:100% !important;order : 0;}.fusion-builder-column-0 > .fusion-column-wrapper {margin-right : 1.92%;margin-left : 1.92%;}}@media only screen and (max-width:640px) {.fusion-body .fusion-builder-column-0{width:100% !important;order : 0;}.fusion-builder-column-0 > .fusion-column-wrapper {margin-right : 1.92%;margin-left : 1.92%;}}<\/style><div class=\"fusion-layout-column fusion_builder_column fusion-builder-column-1 fusion_builder_column_1_1 1_1 fusion-flex-column\"><div class=\"fusion-column-wrapper fusion-flex-justify-content-flex-start fusion-content-layout-column\" style=\"background-position:left top;background-repeat:no-repeat;-webkit-background-size:cover;-moz-background-size:cover;-o-background-size:cover;background-size:cover;padding: 0px 0px 0px 0px;\"><\/div><\/div><style type=\"text\/css\">.fusion-body .fusion-builder-column-1{width:100% !important;margin-top : 0px;margin-bottom : 20px;}.fusion-builder-column-1 > .fusion-column-wrapper {padding-top : 0px !important;padding-right : 0px !important;margin-right : 1.92%;padding-bottom : 0px !important;padding-left : 0px !important;margin-left : 1.92%;}@media only screen and (max-width:1024px) {.fusion-body .fusion-builder-column-1{width:100% !important;order : 0;}.fusion-builder-column-1 > .fusion-column-wrapper {margin-right : 1.92%;margin-left : 1.92%;}}@media only screen and (max-width:640px) {.fusion-body .fusion-builder-column-1{width:100% !important;order : 0;}.fusion-builder-column-1 > .fusion-column-wrapper {margin-right : 1.92%;margin-left : 1.92%;}}<\/style><div class=\"fusion-layout-column fusion_builder_column fusion-builder-column-2 fusion_builder_column_1_1 1_1 fusion-flex-column\"><div class=\"fusion-column-wrapper fusion-flex-justify-content-flex-start fusion-content-layout-column\" style=\"background-position:left top;background-repeat:no-repeat;-webkit-background-size:cover;-moz-background-size:cover;-o-background-size:cover;background-size:cover;padding: 0px 0px 0px 0px;\"><\/div><\/div><style type=\"text\/css\">.fusion-body .fusion-builder-column-2{width:100% !important;margin-top : 0px;margin-bottom : 20px;}.fusion-builder-column-2 > .fusion-column-wrapper {padding-top : 0px !important;padding-right : 0px !important;margin-right : 1.92%;padding-bottom : 0px !important;padding-left : 0px !important;margin-left : 1.92%;}@media only screen and (max-width:1024px) {.fusion-body .fusion-builder-column-2{width:100% !important;order : 0;}.fusion-builder-column-2 > .fusion-column-wrapper {margin-right : 1.92%;margin-left : 1.92%;}}@media only screen and (max-width:640px) {.fusion-body .fusion-builder-column-2{width:100% !important;order : 0;}.fusion-builder-column-2 > .fusion-column-wrapper {margin-right : 1.92%;margin-left : 1.92%;}}<\/style><div class=\"fusion-layout-column fusion_builder_column fusion-builder-column-3 fusion_builder_column_1_2 1_2 fusion-flex-column\"><div class=\"fusion-column-wrapper fusion-flex-justify-content-flex-start fusion-content-layout-column\" style=\"background-position:left top;background-repeat:no-repeat;-webkit-background-size:cover;-moz-background-size:cover;-o-background-size:cover;background-size:cover;padding: 0px 0px 0px 0px;\"><div class=\"fusion-text fusion-text-1\" style=\"transform:translate3d(0,0,0);\"><ul>\n<li>Bienvenidos al material pedag\u00f3gico dise\u00f1ado para el programa de Magister en Bioqu\u00edmica y Biolog\u00eda Molecular. Este material ha sido creado con el objetivo de proporcionar una gu\u00eda completa y efectiva para facilitar tu proceso de aprendizaje.<\/li>\n<\/ul>\n<ul>\n<li>Encontrar\u00e1s una cuidadosa selecci\u00f3n de recursos, actividades, ejercicios pr\u00e1cticos y reflexiones que te ayudar\u00e1n a comprender, aplicar y profundizar en los conceptos clave relacionados con los ramos del primer trimestre. Nuestro enfoque se centra en fomentar un aprendizaje activo, significativo y aut\u00f3nomo, que te permitir\u00e1 desarrollar habilidades s\u00f3lidas y aplicables en contextos reales.<\/li>\n<\/ul>\n<\/div><div style=\"text-align:center;\"><style type=\"text\/css\">.fusion-button.button-1 {border-radius:4px;}<\/style><a class=\"fusion-button button-flat fusion-button-default-size button-default button-1 fusion-button-default-span fusion-button-default-type\" target=\"_self\" href=\"https:\/\/biologia.utalca.cl\/icb\/?page_id=2445\"><span class=\"fusion-button-text\">Clases Intro<\/span><\/a><\/div><\/div><\/div><style type=\"text\/css\">.fusion-body .fusion-builder-column-3{width:50% !important;margin-top : 0px;margin-bottom : 20px;}.fusion-builder-column-3 > .fusion-column-wrapper {padding-top : 0px !important;padding-right : 0px !important;margin-right : 3.84%;padding-bottom : 0px !important;padding-left : 0px !important;margin-left : 3.84%;}@media only screen and (max-width:1024px) {.fusion-body .fusion-builder-column-3{width:50% !important;order : 0;}.fusion-builder-column-3 > .fusion-column-wrapper {margin-right : 3.84%;margin-left : 3.84%;}}@media only screen and (max-width:640px) {.fusion-body .fusion-builder-column-3{width:100% !important;order : 0;}.fusion-builder-column-3 > .fusion-column-wrapper {margin-right : 1.92%;margin-left : 1.92%;}}<\/style><div class=\"fusion-layout-column fusion_builder_column fusion-builder-column-4 fusion_builder_column_1_2 1_2 fusion-flex-column fusion-flex-align-self-stretch\"><div class=\"fusion-column-wrapper fusion-flex-justify-content-center fusion-content-layout-column\" style=\"background-image: url(&#039;https:\/\/postgrado-icb.utalca.cl\/icb\/wp-content\/uploads\/2024\/03\/Clases-1024x522.jpg&#039;);background-position:center center;background-repeat:no-repeat;-webkit-background-size:cover;-moz-background-size:cover;-o-background-size:cover;background-size:cover;border-radius:4px 4px 4px 4px;border-radius:4px 4px 4px 4px;overflow:hidden;padding: 0px 0px 0px 0px;\" data-bg-url=\"https:\/\/postgrado-icb.utalca.cl\/icb\/wp-content\/uploads\/2024\/03\/Clases-1024x522.jpg\"><style type=\"text\/css\">@media only screen and (max-width:1024px) {.fusion-title.fusion-title-1{margin-top:10px!important;margin-bottom:15px!important;}}@media only screen and (max-width:640px) {.fusion-title.fusion-title-1{margin-top:10px!important;margin-bottom:10px!important;}}<\/style><div class=\"fusion-title title fusion-title-1 fusion-sep-none fusion-title-center fusion-title-text fusion-title-size-three\" style=\"margin-top:10px;margin-bottom:15px;\"><h3 class=\"title-heading-center\" style=\"margin:0;color:#ffffff;\"><strong>PORTAL DE CLASES<\/strong><\/h3><\/div><\/div><\/div><style type=\"text\/css\">.fusion-body .fusion-builder-column-4{width:50% !important;margin-top : 0px;margin-bottom : 20px;}.fusion-builder-column-4 > .fusion-column-wrapper {padding-top : 0px !important;padding-right : 0px !important;margin-right : 3.84%;padding-bottom : 0px !important;padding-left : 0px !important;margin-left : 3.84%;}@media only screen and (max-width:1024px) {.fusion-body .fusion-builder-column-4{width:50% !important;order : 0;}.fusion-builder-column-4 > .fusion-column-wrapper {margin-right : 3.84%;margin-left : 3.84%;}}@media only screen and (max-width:640px) {.fusion-body .fusion-builder-column-4{width:100% !important;order : 0;}.fusion-builder-column-4 > .fusion-column-wrapper {margin-right : 1.92%;margin-left : 1.92%;}}<\/style><\/div><style type=\"text\/css\">.fusion-body .fusion-flex-container.fusion-builder-row-1{ padding-top : 0px;margin-top : 0px;padding-right : 0px;padding-bottom : 0px;margin-bottom : 0px;padding-left : 0px;}<\/style><\/div>\n","protected":false},"excerpt":{"rendered":"","protected":false},"author":1,"featured_media":0,"parent":0,"menu_order":0,"comment_status":"closed","ping_status":"closed","template":"100-width.php","meta":{"footnotes":""},"_links":{"self":[{"href":"https:\/\/postgrado-icb.utalca.cl\/index.php?rest_route=\/wp\/v2\/pages\/2904"}],"collection":[{"href":"https:\/\/postgrado-icb.utalca.cl\/index.php?rest_route=\/wp\/v2\/pages"}],"about":[{"href":"https:\/\/postgrado-icb.utalca.cl\/index.php?rest_route=\/wp\/v2\/types\/page"}],"author":[{"embeddable":true,"href":"https:\/\/postgrado-icb.utalca.cl\/index.php?rest_route=\/wp\/v2\/users\/1"}],"replies":[{"embeddable":true,"href":"https:\/\/postgrado-icb.utalca.cl\/index.php?rest_route=%2Fwp%2Fv2%2Fcomments&post=2904"}],"version-history":[{"count":5,"href":"https:\/\/postgrado-icb.utalca.cl\/index.php?rest_route=\/wp\/v2\/pages\/2904\/revisions"}],"predecessor-version":[{"id":2911,"href":"https:\/\/postgrado-icb.utalca.cl\/index.php?rest_route=\/wp\/v2\/pages\/2904\/revisions\/2911"}],"wp:attachment":[{"href":"https:\/\/postgrado-icb.utalca.cl\/index.php?rest_route=%2Fwp%2Fv2%2Fmedia&parent=2904"}],"curies":[{"name":"wp","href":"https:\/\/api.w.org\/{rel}","templated":true}]}}